{"id":1360,"date":"2026-03-09T00:20:58","date_gmt":"2026-03-09T00:20:58","guid":{"rendered":"https:\/\/accord-piano-montreal.com\/?page_id=1360"},"modified":"2026-03-09T02:57:04","modified_gmt":"2026-03-09T02:57:04","slug":"contact","status":"publish","type":"page","link":"https:\/\/accord-piano-montreal.com\/en\/contact\/","title":{"rendered":"Contact"},"content":{"rendered":"\n\n\n\n    <meta charset=\"UTF-8\">\n    <meta name=\"viewport\" content=\"width=device-width, initial-scale=1.0\">\n    <title>Contact | Patrick Brennan Piano Tuner<\/title>\n    <link href=\"https:\/\/fonts.googleapis.com\/css2?family=Inter:wght@300;400;500;600;700;800;900&amp;display=swap\" rel=\"stylesheet\">\n    <style>\n        .font-sans { font-family: 'Inter', sans-serif; }\n        .text-glow { text-shadow: 0 2px 10px rgba(0,0,0,0.5); }\n        .logo-shadow { filter: drop-shadow(0 15px 25px rgba(0, 0, 0, 0.8)); }\n        \/* GENERAL PAGE BACKGROUND (Pure White) *\/\n        body { margin: 0; background-color: #ffffff; color: #334155; }\n        \/* ========================================================= *\/\n        \/* 1. MAGIC HEADER (Original code, animated dark background) *\/\n        \/* ========================================================= *\/\n        .header-moving-light {\n            background: linear-gradient(-45deg, #0f172a, #1e3a8a, #2563eb, #1d4ed8);\n            background-size: 400% 400%;\n            animation: gradient-move 15s ease infinite; \n            position: relative;\n            overflow: hidden;\n            width: 100%;\n        }\n        @keyframes gradient-move {\n            0% { background-position: 0% 50%; }\n            50% { background-position: 100% 50%; }\n            100% { background-position: 0% 50%; }\n        }\n        .orb {\n            position: absolute;\n            border-radius: 50%;\n            filter: blur(80px);\n            opacity: 0.6;\n            animation: float-orb 15s ease-in-out infinite alternate;\n            pointer-events: none;\n        }\n        .orb-1 { top: 5%; left: -10%; width: 300px; height: 300px; background: rgba(59, 130, 246, 0.4); animation-delay: 0s; }\n        .orb-2 { bottom: 5%; right: -10%; width: 350px; height: 350px; background: rgba(37, 99, 235, 0.3); animation-delay: -4s; animation-duration: 18s; }\n        .orb-sun {\n            position: absolute; bottom: -5%; left: 50%; transform: translateX(-50%);\n            width: 100%; max-width: 800px; height: 300px;\n            background: radial-gradient(ellipse at bottom, rgba(245, 158, 11, 0.15) 0%, rgba(217, 119, 6, 0.05) 50%, transparent 70%);\n            filter: blur(60px); animation: evening-sun 15s ease-in-out infinite; pointer-events: none; z-index: 0;\n        }\n        @keyframes evening-sun {\n            0%, 100% { opacity: 0.2; transform: translate(-50%, 40px) scale(0.95); }\n            50% { opacity: 0.85; transform: translate(-50%, -10px) scale(1.05); }\n        }\n        @media (min-width: 768px) {\n            .orb-1 { width: 500px; height: 500px; filter: blur(90px); }\n            .orb-2 { width: 600px; height: 600px; filter: blur(100px); }\n            .orb-sun { height: 400px; filter: blur(90px); }\n        }\n        .portal-wrapper { position: relative; display: inline-flex; justify-content: center; align-items: center; text-decoration: none; z-index: 10; padding: 20px; }\n        .portal-logo { width: 220px; max-width: 100%; height: auto; position: relative; z-index: 20; display: block; }\n        @media (min-width: 768px) { .portal-logo { width: 280px; } }\n        .golden-portal { \n            position: absolute; top: 50%; left: 50%; transform: translate(-50%, -50%); \n            width: 100%; height: 100%; border-radius: 50%; \n            border: 2px solid rgba(251, 191, 36, 0.7); \n            background: radial-gradient(ellipse at center, rgba(255, 255, 255, 0.05) 0%, rgba(15, 35, 70, 0.7) 50%, rgba(5, 10, 20, 0.95) 80%, rgba(0, 0, 0, 1) 100%); \n            box-shadow: 0 0 25px rgba(251,191,36,0.3), inset 0 0 40px rgba(0,0,0,1); \n            pointer-events: none; z-index: 10; \n        }\n        .sparkle { position: absolute; background: #ffffff; border-radius: 50%; box-shadow: 0 0 10px 3px rgba(251, 191, 36, 0.9); animation: pulse-sparkle 2s infinite alternate; }\n        .sparkle-1 { top: -2px; left: 50%; transform: translateX(-50%); width: 4px; height: 4px; }\n        .sparkle-2 { bottom: -2px; left: 50%; transform: translateX(-50%); width: 5px; height: 5px; animation-delay: 0.7s; }\n        .sparkle-3 { top: 50%; left: -2px; transform: translateY(-50%); width: 3px; height: 3px; animation-delay: 1.3s; }\n        .sparkle-4 { top: 50%; right: -2px; transform: translateY(-50%); width: 4px; height: 4px; animation-delay: 0.4s; }\n        @keyframes pulse-sparkle { 0% { transform: scale(0.8) translate(-50%, -50%); opacity: 0.5; } 100% { transform: scale(1.5) translate(-50%, -50%); opacity: 1; } }\n        .logo-sparkle { position: absolute; width: 2px; height: 2px; background: #ffffff; border-radius: 50%; box-shadow: 0 0 4px 1px rgba(255, 255, 255, 0.9), 0 0 8px 2px rgba(251, 191, 36, 0.6); animation: logo-twinkle 3s infinite ease-in-out; pointer-events: none; z-index: 30; }\n        @keyframes logo-twinkle { 0%, 100% { opacity: 0; transform: scale(0.2); } 50% { opacity: 1; transform: scale(1.5); } }\n        \/* ========================================================= *\/\n        \/* 2. ELEGANT PROFESSIONAL STYLE (Clean white cards)         *\/\n        \/* ========================================================= *\/\n        .card-pro {\n            background-color: #ffffff;\n            border: 1px solid #f1f5f9; \n            border-radius: 1rem;\n            box-shadow: 0 10px 25px -5px rgba(15, 23, 42, 0.05), 0 8px 10px -6px rgba(15, 23, 42, 0.01);\n            transition: all 0.3s cubic-bezier(0.4, 0, 0.2, 1);\n        }\n        .card-pro:hover {\n            box-shadow: 0 20px 25px -5px rgba(15, 23, 42, 0.08), 0 8px 10px -6px rgba(15, 23, 42, 0.04);\n            border-color: #e2e8f0;\n            transform: translateY(-2px);\n        }\n        \/* ELEGANT POSTER (Midnight Blue and Gold) *\/\n        .poster-elegant {\n            background: linear-gradient(135deg, #0f172a 0%, #1e3a8a 100%);\n            border-radius: 1rem;\n            box-shadow: 0 15px 35px -5px rgba(30, 58, 138, 0.2);\n            color: #ffffff;\n            position: relative;\n            overflow: hidden;\n            transition: transform 0.3s ease;\n        }\n        .poster-elegant:hover {\n            transform: translateY(-2px);\n            box-shadow: 0 20px 40px -5px rgba(30, 58, 138, 0.25);\n        }\n        \/* Subtle background pattern (Grain\/Texture) *\/\n        .poster-elegant::before {\n            content: '';\n            position: absolute;\n            top: 0; left: 0; right: 0; bottom: 0;\n            background-image: radial-gradient(rgba(255, 255, 255, 0.05) 1px, transparent 1px);\n            background-size: 20px 20px;\n            pointer-events: none;\n        }\n        .text-gold {\n            color: #d4af37; \/* Elegant champagne gold *\/\n        }\n        .bg-gold {\n            background-color: #d4af37;\n        }\n        \/* ========================================================= *\/\n        \/* PROFESSIONAL BUTTONS (Flat, modern, no 3D effect)         *\/\n        \/* ========================================================= *\/\n        .btn-pro-primary {\n            background-color: #1e3a8a; \/* Classic blue *\/\n            color: #ffffff;\n            border-radius: 0.5rem;\n            font-weight: 600;\n            text-transform: uppercase;\n            letter-spacing: 0.05em;\n            padding: 12px 24px;\n            text-align: center;\n            display: flex;\n            justify-content: center;\n            align-items: center;\n            transition: all 0.2s ease;\n            border: 1px solid transparent;\n        }\n        .btn-pro-primary:hover {\n            background-color: #1e40af;\n            box-shadow: 0 10px 15px -3px rgba(30, 58, 138, 0.2), 0 4px 6px -2px rgba(30, 58, 138, 0.1);\n            transform: translateY(-1px);\n        }\n        .btn-pro-secondary {\n            background-color: #f1f5f9; \/* Very light grey for contrast *\/\n            color: #0f172a;\n            border: 1px solid #cbd5e1;\n            border-radius: 0.5rem;\n            font-weight: 600;\n            text-transform: uppercase;\n            letter-spacing: 0.05em;\n            padding: 12px 24px;\n            text-align: center;\n            display: flex;\n            justify-content: center;\n            align-items: center;\n            transition: all 0.2s ease;\n        }\n        .btn-pro-secondary:hover {\n            background-color: #e2e8f0;\n            color: #0f172a;\n            border-color: #94a3b8;\n            box-shadow: 0 4px 6px -1px rgba(0, 0, 0, 0.05);\n        }\n        \/* SUBMIT FORM BUTTON (Beaver Builder Override) *\/\n        .form-pro-wrap .fl-contact-form button[type=\"submit\"],\n        .form-pro-wrap .fl-contact-form input[type=\"submit\"],\n        .form-pro-wrap .fl-contact-form .fl-button,\n        .fl-builder-content .form-pro-wrap .fl-contact-form .fl-button {\n            background: #1e3a8a !important; \n            background-color: #1e3a8a !important;\n            background-image: none !important; \n            color: #ffffff !important;\n            font-family: 'Inter', sans-serif !important;\n            font-weight: 600 !important;\n            text-transform: uppercase !important;\n            letter-spacing: 0.05em !important;\n            border-radius: 0.5rem !important;\n            padding: 14px 24px !important;\n            border: none !important;\n            box-shadow: 0 4px 6px -1px rgba(30, 58, 138, 0.1) !important;\n            transition: all 0.2s ease !important;\n            cursor: pointer !important;\n            text-align: center !important;\n            display: block !important;\n            margin-top: 15px !important;\n            width: 100% !important;\n            text-shadow: none !important;\n        }\n        .form-pro-wrap .fl-contact-form button[type=\"submit\"]:hover,\n        .form-pro-wrap .fl-contact-form input[type=\"submit\"]:hover,\n        .form-pro-wrap .fl-contact-form .fl-button:hover,\n        .fl-builder-content .form-pro-wrap .fl-contact-form .fl-button:hover {\n            background: #1e40af !important; \n            background-color: #1e40af !important;\n            box-shadow: 0 10px 15px -3px rgba(30, 58, 138, 0.2) !important; \n            transform: translateY(-1px) !important;\n        }\n        \/* ========================================================= *\/\n        \/* PREMIUM SIDE MENU (Editorial \/ Luxury Style)              *\/\n        \/* ========================================================= *\/\n        .nav-link-premium {\n            display: flex;\n            align-items: center;\n            justify-content: space-between;\n            padding: 12px 4px;\n            border-bottom: 1px solid #f1f5f9;\n            color: #64748b;\n            font-weight: 500;\n            font-size: 13.5px;\n            text-decoration: none;\n            transition: all 0.3s ease;\n        }\n        .nav-link-premium:last-child {\n            border-bottom: none;\n        }\n        .nav-link-premium:hover {\n            color: #1e3a8a;\n            transform: translateX(4px);\n        }\n        .arrow-icon {\n            opacity: 0;\n            transform: translateX(-10px);\n            transition: all 0.3s cubic-bezier(0.4, 0, 0.2, 1);\n            color: #d4af37; \/* Elegant gold arrow *\/\n        }\n        .nav-link-premium:hover .arrow-icon {\n            opacity: 1;\n            transform: translateX(0);\n        }\n        \/* ========================================================= *\/\n        \/* 3. BEAVER BUILDER FORM STYLES (Clean)                     *\/\n        \/* ========================================================= *\/\n        .form-pro-wrap .fl-contact-form input[type=\"text\"],\n        .form-pro-wrap .fl-contact-form input[type=\"email\"],\n        .form-pro-wrap .fl-contact-form input[type=\"tel\"],\n        .form-pro-wrap .fl-contact-form textarea {\n            background-color: #f8fafc !important; \/* Ultra light grey *\/\n            border: 1px solid #e2e8f0 !important;\n            color: #334155 !important;\n            border-radius: 0.5rem !important;\n            padding: 0.875rem 1.25rem !important;\n            width: 100% !important;\n            transition: all 0.2s ease !important;\n            font-size: 0.95rem !important;\n            box-shadow: inset 0 1px 2px rgba(0,0,0,0.01) !important;\n            margin-bottom: 0.75rem !important;\n        }\n        \/* Remove any default green border on focus or validation *\/\n        .form-pro-wrap .fl-contact-form input.fl-valid,\n        .form-pro-wrap .fl-contact-form textarea.fl-valid,\n        .form-pro-wrap .fl-contact-form input:valid,\n        .form-pro-wrap .fl-contact-form textarea:valid {\n            border-color: #e2e8f0 !important;\n        }\n        .form-pro-wrap .fl-contact-form input:focus,\n        .form-pro-wrap .fl-contact-form textarea:focus {\n            background-color: #ffffff !important;\n            border-color: #1e3a8a !important; \/* Pro blue focus border *\/\n            box-shadow: 0 0 0 3px rgba(30, 58, 138, 0.1) !important;\n            outline: none !important;\n        }\n        .form-pro-wrap .fl-contact-form label {\n            color: #475569 !important;\n            font-weight: 600 !important;\n            font-size: 11.5px !important;\n            text-transform: uppercase !important;\n            letter-spacing: 0.05em !important;\n            display: block !important;\n            margin-bottom: 0.4rem !important;\n        }\n        \/* --------------------------------------------------------- *\/\n        \/* RECAPTCHA PROTECTION (Smoother and more robust)           *\/\n        \/* --------------------------------------------------------- *\/\n        .form-pro-wrap .fl-form-field-recaptcha,\n        .form-pro-wrap .fl-contact-form > div:has(.g-recaptcha) {\n            width: 100% !important;\n            max-width: 100% !important;\n            overflow: visible !important;\n            display: flex !important;\n            justify-content: flex-start !important;\n            margin-top: 10px !important;\n            margin-bottom: 10px !important;\n            box-sizing: border-box !important;\n        }\n        .form-pro-wrap .g-recaptcha,\n        .form-pro-wrap .fl-grecaptcha > div {\n            transform-origin: left center !important; \n            max-width: 100%;\n        }\n        @media (max-width: 360px) {\n            .form-pro-wrap .g-recaptcha,\n            .form-pro-wrap .fl-grecaptcha > div { \n                transform: scale(0.85) !important; \n            }\n        }\n        \/* --------------------------------------------------------- *\/\n        \/* CONFIRMATION BOX FIX (Neutral and Elegant Style)          *\/\n        \/* --------------------------------------------------------- *\/\n        .form-pro-wrap .fl-form-success,\n        .form-pro-wrap .fl-message,\n        .form-pro-wrap .fl-contact-form-success {\n            width: 100% !important;\n            max-width: 100% !important;\n            flex-basis: 100% !important;\n            display: block !important;\n            padding: 1.25rem !important;\n            background-color: #f8fafc !important; \/* Ultra light grey instead of green *\/\n            border: 1px solid #e2e8f0 !important; \/* Discreet neutral border *\/\n            border-radius: 0.75rem !important;\n            margin-bottom: 1.5rem !important;\n            animation: fadeIn 0.5s ease-out;\n        }\n        @keyframes fadeIn {\n            from { opacity: 0; transform: translateY(10px); }\n            to { opacity: 1; transform: translateY(0); }\n        }\n        .form-pro-wrap .fl-form-success p,\n        .form-pro-wrap .fl-message p,\n        .form-pro-wrap .fl-contact-form-success p {\n            white-space: normal !important;\n            word-wrap: break-word !important;\n            display: block !important;\n            width: 100% !important;\n            text-align: center !important;\n            font-size: 14.5px !important;\n            line-height: 1.6 !important;\n            color: #1e3a8a !important; \/* Professional blue text instead of green *\/\n            font-weight: 500 !important;\n            text-shadow: none !important;\n            margin: 0 !important;\n        }\n    <\/style>\n\n\n    <!-- Magic Header (Square, Full width, Original Dark Background) -->\n    <header>\n        <!-- Header Orbs -->\n            <!-- Animated Logo -->\n                            <img decoding=\"async\" src=\"https:\/\/accord-piano-montreal.com\/wp-content\/uploads\/2026\/02\/C932E5DC-A168-42A3-8088-B786F71DCD41.png\" alt=\"Patrick Brennan Logo\">\n            <!-- Header Texts -->\n            <h1>\n                Contact Patrick Brennan\n            <\/h1>\n            \n                Professional piano tuner in Montreal.<br>\n                At your service for tuning and repair.\n            \n    <\/header>\n    <!-- Main Container -->\n    <main>\n        <!-- Main Grid (2 Columns on Desktop, 1 on Mobile) -->\n            <!-- LEFT COLUMN (Narrower: 5\/12 on desktop) -->\n                <!-- 1. PHONE CARD (Always 1st on Mobile and Desktop) -->\n                        <h2>Phone<\/h2>\n                    <p>Direct line<\/p>\n                    <a href=\"tel:+15149694849\">\n                        514-969-4849\n                    <\/a>\n                    <!-- Professional Action Buttons -->\n                        <a href=\"tel:+15149694849\">\n                            Call\n                        <\/a>\n                        <a href=\"sms:+15149694849\">\n                            Text\n                        <\/a>\n                <!-- 2. POSTER CARD (2nd on Desktop, 4th\/Last on Mobile) -->\n                        <h2>\n                            The tradition\n                            of the craft.\n                            The precision\n                            of today.\n                        <\/h2>\n                        \n                            For 25 years\n                        \n                <!-- 3. PREMIUM NAVIGATION -->\n                        <h3>Explore our services<\/h3>\n                        <a href=\"https:\/\/accord-piano-montreal.com\/en\/\">\n                            Home\n                        <\/a>\n                        <a href=\"https:\/\/accord-piano-montreal.com\/en\/piano-tuning-rates\/\">\n                            Rates\n                        <\/a>\n                        <a href=\"https:\/\/accord-piano-montreal.com\/en\/tuning\/\">\n                            Tuning\n                        <\/a>\n                        <a href=\"https:\/\/accord-piano-montreal.com\/en\/repair\/\">\n                            Repair\n                        <\/a>\n                        <a href=\"https:\/\/accord-piano-montreal.com\/en\/piano-player\/\">\n                            Player Piano\n                        <\/a>\n                        <a href=\"https:\/\/accord-piano-montreal.com\/en\/humidity-control-system\/\">\n                            Humidity System\n                        <\/a>\n                        <a href=\"https:\/\/accord-piano-montreal.com\/en\/service-areas\/\">\n                            Service Area\n                        <\/a>\n                        <a href=\"https:\/\/accord-piano-montreal.com\/en\/get-to-knowpatrick-brennan\/\">\n                            Patrick Brennan\n                        <\/a>\n                        <a href=\"https:\/\/accord-piano-montreal.com\/en\/frequently-asked-questions\/\">\n                            Frequently Asked Questions\n                        <\/a>\n            <!-- COLUMN 2 : Form (Wider on desktop 7\/12) -->\n                    <!-- Cleanly aligned title -->\n                    <h3>Send me a message<\/h3>\n                    <p>Fill out this form and I will get back to you as soon as possible to schedule your appointment.<\/p>\n                    <!-- BEAVER BUILDER SHORTCODE INSERTION -->\n                    <!-- Beaver Builder will handle displaying the success message automatically after submission -->\n                        <div class=\"fl-builder-content fl-builder-content-1117 fl-builder-template fl-builder-module-template fl-builder-global-templates-locked\" data-post-id=\"1117\"><div class=\"fl-module fl-module-contact-form fl-node-p6h0rci3wysd\" data-node=\"p6h0rci3wysd\">\n\t<div class=\"fl-module-content fl-node-content\">\n\t\t<form class=\"fl-contact-form\" >\t<input type=\"hidden\" id=\"fl-contact-form-nonce\" name=\"fl-contact-form-nonce\" value=\"ab1c1a6e95\" \/><input type=\"hidden\" name=\"_wp_http_referer\" value=\"\/en\/wp-json\/wp\/v2\/pages\/1360\" \/>\t<input type=\"hidden\" name=\"fl-layout-id\" value=\"1360\" \/>\n\t\t<div class=\"fl-input-group fl-name\">\n\t\t<label for=\"fl-name\" >Votre nom<\/label>\n\t\t<span class=\"fl-contact-error\" id=\"name-error\">Please enter your name.<\/span>\n\t\t<input type=\"text\" id=\"fl-name\" name=\"fl-name\" aria-describedby=\"name-error\" value=\"\" placeholder=\"\" \/>\n\t<\/div>\n\t\t\t<div class=\"fl-input-group fl-subject\">\n\t\t<label for=\"fl-subject\" >Sujet<\/label>\n\t\t<span class=\"fl-contact-error\" id=\"subject-error\">Please enter a subject.<\/span>\n\t\t<input type=\"text\" id=\"fl-subject\" aria-describedby=\"subject-error\" name=\"fl-subject\" value=\"\" placeholder=\"\" \/>\n\t<\/div>\n\t\t\t<div class=\"fl-input-group fl-email\">\n\t\t<label for=\"fl-email\" >Adresse email<\/label>\n\t\t<span class=\"fl-contact-error\" id=\"email-error\">Please enter a valid email.<\/span>\n\t\t<input type=\"email\" id=\"fl-email\" aria-describedby=\"email-error\" name=\"fl-email\" value=\"\" placeholder=\"\" \/>\n\t<\/div>\n\t\t\t<div class=\"fl-input-group fl-phone\">\n\t\t<label for=\"fl-phone\">Votre t\u00e9l\u00e9phone<\/label>\n\t\t<span class=\"fl-contact-error\" id=\"phone-error\">Please enter a valid phone number.<\/span>\n\t\t<input type=\"tel\" id=\"fl-phone\" aria-describedby=\"phone-error\" name=\"fl-phone\" value=\"\" placeholder=\"\" \/>\n\t<\/div>\n\t\t<div class=\"fl-input-group fl-message\">\n\t\t<label for=\"fl-message\" >Votre message<\/label>\n\t\t<span class=\"fl-contact-error\" id=\"message-error\">Please enter a message.<\/span>\n\t\t<textarea id=\"fl-message\" name=\"fl-message\" aria-describedby=\"message-error\" placeholder=\"\"><\/textarea>\n\t<\/div>\n\t\n\t\t<div class=\"fl-input-group fl-recaptcha\">\n\t\t<span class=\"fl-contact-error\">Please check the captcha to verify you are not a robot.<\/span>\n\t\t<div id=\"p6h0rci3wysd-fl-grecaptcha\" class=\"fl-grecaptcha\" data-sitekey=\"6Lc47EksAAAAAEuRXMy_abGZobeJ9sCrsJFt6KAs\" data-validate=\"normal\" data-theme=\"light\"><\/div>\n\t<\/div>\n\t\t<div class=\"fl-button-wrap fl-button-width-auto fl-button-left\">\n\t\t\t<a href=\"#\" target=\"_self\" class=\"fl-button\">\n\t\t\t\t\t\t\t<span class=\"fl-button-text\">Envoyer<\/span>\n\t\t\t\t\t<\/a>\n<\/div>\n\t\n\t<span class=\"fl-send-error\" style=\"display:none;\">Message failed. Please try again.<\/span>\n<\/form>\n\t<span class=\"fl-success-msg\" style=\"display:none;\"><blockquote><p><span style=\"font-size: 18px;\"><span class=\"s1\">Merci pour votre confiance.\u00a0<\/span><span class=\"s1\">Votre message a bien \u00e9t\u00e9 transmis \u00e0 Patrick, qui vous r\u00e9pondra tr\u00e8s prochainement.<\/span><\/span><\/p><\/blockquote><\/span>\n\t<\/div>\n<\/div>\n<\/div>\n    <\/main>\n\n\n","protected":false},"excerpt":{"rendered":"<p>Contact | Patrick Brennan Piano Tuner Contact Patrick Brennan Professional piano tuner in Montreal. At your service for tuning and repair. Phone Direct line 514-969-4849 Call Text The tradition of the craft. The precision of today. For 25 years Explore our services Home Rates Tuning Repair Player Piano Humidity System Service Area Patrick Brennan Frequently&hellip;<\/p>\n","protected":false},"author":1,"featured_media":0,"parent":0,"menu_order":0,"comment_status":"closed","ping_status":"closed","template":"tpl-no-header-footer.php","meta":{"_acf_changed":false,"advanced_seo_description":"","jetpack_seo_html_title":"","jetpack_seo_noindex":false,"footnotes":""},"class_list":["post-1360","page","type-page","status-publish","hentry"],"acf":[],"jetpack_sharing_enabled":true,"_links":{"self":[{"href":"https:\/\/accord-piano-montreal.com\/en\/wp-json\/wp\/v2\/pages\/1360","targetHints":{"allow":["GET"]}}],"collection":[{"href":"https:\/\/accord-piano-montreal.com\/en\/wp-json\/wp\/v2\/pages"}],"about":[{"href":"https:\/\/accord-piano-montreal.com\/en\/wp-json\/wp\/v2\/types\/page"}],"author":[{"embeddable":true,"href":"https:\/\/accord-piano-montreal.com\/en\/wp-json\/wp\/v2\/users\/1"}],"replies":[{"embeddable":true,"href":"https:\/\/accord-piano-montreal.com\/en\/wp-json\/wp\/v2\/comments?post=1360"}],"version-history":[{"count":6,"href":"https:\/\/accord-piano-montreal.com\/en\/wp-json\/wp\/v2\/pages\/1360\/revisions"}],"predecessor-version":[{"id":1368,"href":"https:\/\/accord-piano-montreal.com\/en\/wp-json\/wp\/v2\/pages\/1360\/revisions\/1368"}],"wp:attachment":[{"href":"https:\/\/accord-piano-montreal.com\/en\/wp-json\/wp\/v2\/media?parent=1360"}],"curies":[{"name":"wp","href":"https:\/\/api.w.org\/{rel}","templated":true}]}}